
{"id":19678,"date":"2019-04-04T09:09:18","date_gmt":"2019-04-04T09:09:18","guid":{"rendered":"https:\/\/viajesfontao.com\/planestancias\/?page_id=19678"},"modified":"2021-05-06T11:11:04","modified_gmt":"2021-05-06T11:11:04","slug":"blog","status":"publish","type":"page","link":"https:\/\/viajesfontao.com\/planestancias\/blog\/","title":{"rendered":"Blog"},"content":{"rendered":"<p>[vc_row][vc_column]<div id=\"1554540891019-d364bc54-f9af\" class=\"dt-sc-empty-space\"><\/div><div class=\"dt-sc-posts-list-wrapper  \" data-delay=\"0\"><div class='tpl-blog-holder apply-equal-height'><div class='grid-sizer column dt-sc-one-third dt-sc-post-entry entry-grid-layout dt-sc-classic-ii-style  dt-sc-default-hover dt-sc-rl-gradient-overlay alignnone'><\/div><div class=\"column dt-sc-one-third dt-sc-post-entry entry-grid-layout dt-sc-classic-ii-style  dt-sc-default-hover dt-sc-rl-gradient-overlay alignnone first\"><article id=\"post-22130\" class=\"blog-entry format-standard post-22130 post type-post status-publish has-post-thumbnail hentry category-actividades category-alquiler-vacacional-en-galicia category-noticias category-paquetes-vacionales-en-galicia\">\t\t\t<!-- Featured Image -->\n\t\t\t<div class=\"entry-thumb\">\n\t\t\t\t\t\t<a href=\"https:\/\/viajesfontao.com\/planestancias\/las-mejores-playas-de-galicia\/\" title=\"Permalink to Las mejores playas de Galicia\">\n\t\t\t<img width=\"570\" height=\"380\" src=\"https:\/\/viajesfontao.com\/planestancias\/wp-content\/uploads\/2021\/05\/xuno-570x380.jpg\" class=\"attachment-ora-blog-iii-column size-ora-blog-iii-column wp-post-image\" alt=\"\" loading=\"lazy\" srcset=\"https:\/\/viajesfontao.com\/planestancias\/wp-content\/uploads\/2021\/05\/xuno-570x380.jpg 570w, https:\/\/viajesfontao.com\/planestancias\/wp-content\/uploads\/2021\/05\/xuno-750x500.jpg 750w, https:\/\/viajesfontao.com\/planestancias\/wp-content\/uploads\/2021\/05\/xuno-600x400.jpg 600w\" sizes=\"(max-width: 570px) 100vw, 570px\" \/>\t\t<\/a>\n                \t\t\t<\/div><!-- Featured Image -->\n        <!-- Entry Date -->\n        <div class=\"entry-date\">\n        \t\n        <i class=\"fas fa-calendar\"> <\/i>\n        mayo 6, 2021        <\/div><!-- Entry Date -->\n        <!-- Entry Title -->\n        <div class=\"entry-title\">\n        \t\n\t<h4>\n\t        \t<a href=\"https:\/\/viajesfontao.com\/planestancias\/las-mejores-playas-de-galicia\/\" title=\"Permalink to Las mejores playas de Galicia\">Las mejores playas de Galicia<\/a>\n\t<\/h4>        <\/div><!-- Entry Title -->\n\t<div class=\"entry-body\"><p>Descubrimos las mejores playas de las R\u00edas Baixas de Galicia, situadas en algunas de...<\/p><\/div><!-- Entry Button --><div class=\"entry-button\"><a href=\"https:\/\/viajesfontao.com\/planestancias\/las-mejores-playas-de-galicia\/\" title=\"Las mejores playas de Galicia\" class=\"dt-sc-button\">Leer M\u00e1s<span class=\"zmdi zmdi-plus\"><\/span><\/a><\/div><!-- Entry Button --><\/article><\/div><div class=\"column dt-sc-one-third dt-sc-post-entry entry-grid-layout dt-sc-classic-ii-style  dt-sc-default-hover dt-sc-rl-gradient-overlay alignnone\"><article id=\"post-22062\" class=\"blog-entry format-standard post-22062 post type-post status-publish has-post-thumbnail hentry category-actividades category-alquiler-vacacional-en-galicia category-noticias category-paquetes-vacionales-en-galicia\">\t\t\t<!-- Featured Image -->\n\t\t\t<div class=\"entry-thumb\">\n\t\t\t\t\t\t<a href=\"https:\/\/viajesfontao.com\/planestancias\/restaurantes-en-barbanza\/\" title=\"Permalink to Restaurantes en Barbanza\">\n\t\t\t<img width=\"570\" height=\"380\" src=\"https:\/\/viajesfontao.com\/planestancias\/wp-content\/uploads\/2021\/05\/restaurantes-570x380.jpg\" class=\"attachment-ora-blog-iii-column size-ora-blog-iii-column wp-post-image\" alt=\"\" loading=\"lazy\" srcset=\"https:\/\/viajesfontao.com\/planestancias\/wp-content\/uploads\/2021\/05\/restaurantes-570x380.jpg 570w, https:\/\/viajesfontao.com\/planestancias\/wp-content\/uploads\/2021\/05\/restaurantes-300x200.jpg 300w, https:\/\/viajesfontao.com\/planestancias\/wp-content\/uploads\/2021\/05\/restaurantes-1024x682.jpg 1024w, https:\/\/viajesfontao.com\/planestancias\/wp-content\/uploads\/2021\/05\/restaurantes-768x512.jpg 768w, https:\/\/viajesfontao.com\/planestancias\/wp-content\/uploads\/2021\/05\/restaurantes-1536x1024.jpg 1536w, https:\/\/viajesfontao.com\/planestancias\/wp-content\/uploads\/2021\/05\/restaurantes-750x500.jpg 750w, https:\/\/viajesfontao.com\/planestancias\/wp-content\/uploads\/2021\/05\/restaurantes-600x400.jpg 600w, https:\/\/viajesfontao.com\/planestancias\/wp-content\/uploads\/2021\/05\/restaurantes-540x360.jpg 540w, https:\/\/viajesfontao.com\/planestancias\/wp-content\/uploads\/2021\/05\/restaurantes-1000x667.jpg 1000w, https:\/\/viajesfontao.com\/planestancias\/wp-content\/uploads\/2021\/05\/restaurantes.jpg 2000w\" sizes=\"(max-width: 570px) 100vw, 570px\" \/>\t\t<\/a>\n                \t\t\t<\/div><!-- Featured Image -->\n        <!-- Entry Date -->\n        <div class=\"entry-date\">\n        \t\n        <i class=\"fas fa-calendar\"> <\/i>\n        mayo 6, 2021        <\/div><!-- Entry Date -->\n        <!-- Entry Title -->\n        <div class=\"entry-title\">\n        \t\n\t<h4>\n\t        \t<a href=\"https:\/\/viajesfontao.com\/planestancias\/restaurantes-en-barbanza\/\" title=\"Permalink to Restaurantes en Barbanza\">Restaurantes en Barbanza<\/a>\n\t<\/h4>        <\/div><!-- Entry Title -->\n\t<div class=\"entry-body\"><p>Este apartado es una complet\u00edsima gu\u00eda gastron\u00f3mica en Galicia de la zona de Barbanza...<\/p><\/div><!-- Entry Button --><div class=\"entry-button\"><a href=\"https:\/\/viajesfontao.com\/planestancias\/restaurantes-en-barbanza\/\" title=\"Restaurantes en Barbanza\" class=\"dt-sc-button\">Leer M\u00e1s<span class=\"zmdi zmdi-plus\"><\/span><\/a><\/div><!-- Entry Button --><\/article><\/div><\/div><div class=\"pagination blog-pagination\"><\/div><\/div><div id=\"1554540926322-9f6ff19d-53c3\" class=\"dt-sc-empty-space\"><\/div>[\/vc_column][\/vc_row]<\/p>\n","protected":false},"excerpt":{"rendered":"<p>[vc_row][vc_column][\/vc_column][\/vc_row]<\/p>\n","protected":false},"author":1,"featured_media":0,"parent":0,"menu_order":0,"comment_status":"closed","ping_status":"closed","template":"","meta":[],"yoast_head":"<!-- This site is optimized with the Yoast SEO plugin v16.2 - https:\/\/yoast.com\/wordpress\/plugins\/seo\/ -->\r\n<title>Blog - PlanEstancias<\/title>\r\n<meta name=\"robots\" content=\"index, follow, max-snippet:-1, max-image-preview:large, max-video-preview:-1\" \/>\r\n<link rel=\"canonical\" href=\"https:\/\/viajesfontao.com\/planestancias\/blog\/\" \/>\r\n<meta property=\"og:locale\" content=\"es_ES\" \/>\r\n<meta property=\"og:type\" content=\"article\" \/>\r\n<meta property=\"og:title\" content=\"Blog - PlanEstancias\" \/>\r\n<meta property=\"og:description\" content=\"[vc_row][vc_column][\/vc_column][\/vc_row]\" \/>\r\n<meta property=\"og:url\" content=\"https:\/\/viajesfontao.com\/planestancias\/blog\/\" \/>\r\n<meta property=\"og:site_name\" content=\"PlanEstancias\" \/>\r\n<meta property=\"article:modified_time\" content=\"2021-05-06T11:11:04+00:00\" \/>\r\n<meta name=\"twitter:card\" content=\"summary_large_image\" \/>\r\n<meta name=\"twitter:label1\" content=\"Tiempo de lectura\">\n\t<meta name=\"twitter:data1\" content=\"1 minuto\">\r\n<script type=\"application\/ld+json\" class=\"yoast-schema-graph\">{\"@context\":\"https:\/\/schema.org\",\"@graph\":[{\"@type\":\"WebSite\",\"@id\":\"https:\/\/viajesfontao.com\/planestancias\/#website\",\"url\":\"https:\/\/viajesfontao.com\/planestancias\/\",\"name\":\"PlanEstancias\",\"description\":\"Alojamientos y Actividades\",\"potentialAction\":[{\"@type\":\"SearchAction\",\"target\":\"https:\/\/viajesfontao.com\/planestancias\/?s={search_term_string}\",\"query-input\":\"required name=search_term_string\"}],\"inLanguage\":\"es\"},{\"@type\":\"WebPage\",\"@id\":\"https:\/\/viajesfontao.com\/planestancias\/blog\/#webpage\",\"url\":\"https:\/\/viajesfontao.com\/planestancias\/blog\/\",\"name\":\"Blog - PlanEstancias\",\"isPartOf\":{\"@id\":\"https:\/\/viajesfontao.com\/planestancias\/#website\"},\"datePublished\":\"2019-04-04T09:09:18+00:00\",\"dateModified\":\"2021-05-06T11:11:04+00:00\",\"breadcrumb\":{\"@id\":\"https:\/\/viajesfontao.com\/planestancias\/blog\/#breadcrumb\"},\"inLanguage\":\"es\",\"potentialAction\":[{\"@type\":\"ReadAction\",\"target\":[\"https:\/\/viajesfontao.com\/planestancias\/blog\/\"]}]},{\"@type\":\"BreadcrumbList\",\"@id\":\"https:\/\/viajesfontao.com\/planestancias\/blog\/#breadcrumb\",\"itemListElement\":[{\"@type\":\"ListItem\",\"position\":1,\"item\":{\"@type\":\"WebPage\",\"@id\":\"https:\/\/viajesfontao.com\/planestancias\/\",\"url\":\"https:\/\/viajesfontao.com\/planestancias\/\",\"name\":\"Portada\"}},{\"@type\":\"ListItem\",\"position\":2,\"item\":{\"@id\":\"https:\/\/viajesfontao.com\/planestancias\/blog\/#webpage\"}}]}]}<\/script>\r\n<!-- \/ Yoast SEO plugin. -->","_links":{"self":[{"href":"https:\/\/viajesfontao.com\/planestancias\/wp-json\/wp\/v2\/pages\/19678"}],"collection":[{"href":"https:\/\/viajesfontao.com\/planestancias\/wp-json\/wp\/v2\/pages"}],"about":[{"href":"https:\/\/viajesfontao.com\/planestancias\/wp-json\/wp\/v2\/types\/page"}],"author":[{"embeddable":true,"href":"https:\/\/viajesfontao.com\/planestancias\/wp-json\/wp\/v2\/users\/1"}],"replies":[{"embeddable":true,"href":"https:\/\/viajesfontao.com\/planestancias\/wp-json\/wp\/v2\/comments?post=19678"}],"version-history":[{"count":2,"href":"https:\/\/viajesfontao.com\/planestancias\/wp-json\/wp\/v2\/pages\/19678\/revisions"}],"predecessor-version":[{"id":22065,"href":"https:\/\/viajesfontao.com\/planestancias\/wp-json\/wp\/v2\/pages\/19678\/revisions\/22065"}],"wp:attachment":[{"href":"https:\/\/viajesfontao.com\/planestancias\/wp-json\/wp\/v2\/media?parent=19678"}],"curies":[{"name":"wp","href":"https:\/\/api.w.org\/{rel}","templated":true}]}}